{"id":805,"date":"2018-08-31T18:11:52","date_gmt":"2018-08-31T21:11:52","guid":{"rendered":"https:\/\/ifd5-sgo.infd.edu.ar\/sitio\/quienes-somos\/"},"modified":"2022-10-08T20:21:40","modified_gmt":"2022-10-08T23:21:40","slug":"quienes-somos","status":"publish","type":"page","link":"https:\/\/ifd5-sgo.infd.edu.ar\/sitio\/quienes-somos\/","title":{"rendered":"Quienes somos"},"content":{"rendered":"<h2 style=\"text-align: center;\"><img decoding=\"async\" loading=\"lazy\" class=\"alignnone  wp-image-840\" src=\"https:\/\/ifd5-sgo.infd.edu.ar\/sitio\/wp-content\/uploads\/2022\/10\/Escudo-terminado-927x1000.jpg\" alt=\"\" width=\"279\" height=\"301\" srcset=\"https:\/\/ifd5-sgo.infd.edu.ar\/sitio\/wp-content\/uploads\/2022\/10\/Escudo-terminado-927x1000.jpg 927w, https:\/\/ifd5-sgo.infd.edu.ar\/sitio\/wp-content\/uploads\/2022\/10\/Escudo-terminado-768x829.jpg 768w, https:\/\/ifd5-sgo.infd.edu.ar\/sitio\/wp-content\/uploads\/2022\/10\/Escudo-terminado.jpg 1102w\" sizes=\"(max-width: 279px) 100vw, 279px\" \/><\/h2>\n<h2 style=\"text-align: center;\"><em><strong>Instituto de Formaci\u00f3n Docente N\u00b0 5<\/strong><\/em><\/h2>\n<h2 style=\"text-align: center;\">48 a\u00f1os de vida institucional<\/h2>\n<h2 style=\"text-align: center;\"><strong><em>\u00abUn Instituto al servicio de la Educaci\u00f3n P\u00fablica\u00bb<\/em><\/strong><\/h2>\n<p><span style=\"font-size: 12pt;\"><em><span style=\"font-family: 'book antiqua', palatino;\">\u201cTrabajamos con pasi\u00f3n a favor de la humanizaci\u00f3n, la educci\u00f3n y las tradiciones de nuestra hist\u00f3rica comunidad\u201d<\/span><\/em><\/span><\/p>\n<p><span style=\"font-size: 12pt; font-family: helvetica;\">El Instituto de Formaci\u00f3n Docente N\u00b0 5, est\u00e1 ubicado en la ciudad de Loreto, cabecera del departamento hom\u00f3nimo, situado en el extremo sur del \u00e1rea deprimida del mapa geogr\u00e1fico de la provincia de Santiago del Estero. <\/span><\/p>\n<p><span style=\"font-size: 12pt; font-family: helvetica;\">Esta ciudad con un g\u00e9nesis heroico trasmite a sus hijos los genes del constante resurgir, la fuerza de la esperanza y la inquebrantable necesidad de recrearse en la educaci\u00f3n generaci\u00f3n tras generaci\u00f3n. <\/span><\/p>\n<p><span style=\"font-size: 12pt; font-family: helvetica;\">Su historia se enra\u00edza en&nbsp; un pueblo precolombino llamado Llajta Mauca (Pueblo Antiguo), donde tambi\u00e9n impact\u00f3 el nacimiento de la Madre de Ciudades, m\u00e1s adelante llegaron los Padres Jesuitas y con ellos la imagen de Mar\u00eda de Loreto que impondr\u00eda su nombre al peque\u00f1o caser\u00edo. Durante su desarrollo fueron importantes los aportes realizados por esta comunidad al proyecto de la Patria Grande, entre ellas se destacan la participaci\u00f3n de su p\u00e1rroco Pedro Francisco de Uriarte en la declaraci\u00f3n de la Independencia; el paso del Padre de la Patria; &nbsp;las ra\u00edces maternas del creador de la Bandera Argentina que se entrelazan con la familia Islas de la hist\u00f3rica estancia loretana del Yugo, donde Belgrano llegaba en busca de recuperar su quebrantada salud. Pero esta historia cambio de rumbo un d\u00eda de 1908, cuando sus hijos vieron truncadas &nbsp;sus aspiraciones al ser arrasados por la furia de las aguas del milenario r\u00edo Mishqui Mayu (Dulce R\u00edo). <\/span><\/p>\n<p><span style=\"font-size: 12pt; font-family: helvetica;\">Todo fue destruido, barro y desolaci\u00f3n, nada quedo en pie, solo el tes\u00f3n de sus hijos, los que siempre resurgen, los que no saben del desanimo, los que se unieron a aquellos hombres que bajaron de los trenes del ferrocarril Belgrano en los andenes de Villa San Martin (hoy Loreto); juntos, hombro con hombro construyeron una nueva comunidad la que hoy se muestra protagonista en la regi\u00f3n que lidera. <\/span><\/p>\n<p><span style=\"font-size: 12pt; font-family: helvetica;\">En la actualidad Loreto tiene m\u00e1s de 20.000 habitantes y en el \u00e1mbito educativo cuenta con instituciones escolares que abarcan desde el nivel inicial hasta el nivel terciario. Este instituto fundado en 1974 se trasform\u00f3 en una casa de formaci\u00f3n de formadores los que impactaron ciento de escuelas rurales de todo el pa\u00eds, a pesar que en su formaci\u00f3n inicial, desde el punto de vista pedag\u00f3gico did\u00e1ctico, se formaron para un trabajo educativo en escuelas urbanas.&nbsp; Esta situaci\u00f3n tan particular que pertenece a la historia del I.F.D. N\u00ba 5 es resinificada en la actualidad a trav\u00e9s de un trayecto curricular hacia la educaci\u00f3n rural, que se enmarca dentro del proyecto de mejoras institucionales. <\/span><\/p>\n<p><span style=\"font-size: 12pt; font-family: helvetica;\">Desde hace treinta y siete a\u00f1os el I.F.D. N\u00ba 5 funciona en el edificio Pedro Francisco de Uriarte, ubicado en Hip\u00f3lito Irigoyen N\u00ba 100 frente a la plaza principal de esta ciudad, comparte este espacio con cinco niveles educativos.<\/span><\/p>\n<p><span style=\"font-size: 12pt; font-family: helvetica;\"> Profesor Julio Jos\u00e9 Jozami<\/span><\/p>\n<p><span style=\"font-family: Times New Roman;\">&nbsp;<\/span><\/p>\n","protected":false},"excerpt":{"rendered":"<p>Instituto de Formaci\u00f3n Docente N\u00b0 5 48 a\u00f1os de vida institucional \u00abUn Instituto al servicio de la Educaci\u00f3n P\u00fablica\u00bb \u201cTrabajamos con pasi\u00f3n a favor de la humanizaci\u00f3n, la educci\u00f3n y las tradiciones de nuestra hist\u00f3rica comunidad\u201d El Instituto de Formaci\u00f3n Docente N\u00b0 5, est\u00e1 ubicado en la ciudad de Loreto, cabecera del departamento hom\u00f3nimo, situado &#8230; <a title=\"Quienes somos\" class=\"read-more\" href=\"https:\/\/ifd5-sgo.infd.edu.ar\/sitio\/quienes-somos\/\" aria-label=\"More on Quienes somos\">[+]<\/a><\/p>\n","protected":false},"author":48,"featured_media":0,"parent":0,"menu_order":0,"comment_status":"closed","ping_status":"closed","template":"","meta":[],"acf":[],"_links":{"self":[{"href":"https:\/\/ifd5-sgo.infd.edu.ar\/sitio\/wp-json\/wp\/v2\/pages\/805"}],"collection":[{"href":"https:\/\/ifd5-sgo.infd.edu.ar\/sitio\/wp-json\/wp\/v2\/pages"}],"about":[{"href":"https:\/\/ifd5-sgo.infd.edu.ar\/sitio\/wp-json\/wp\/v2\/types\/page"}],"author":[{"embeddable":true,"href":"https:\/\/ifd5-sgo.infd.edu.ar\/sitio\/wp-json\/wp\/v2\/users\/48"}],"replies":[{"embeddable":true,"href":"https:\/\/ifd5-sgo.infd.edu.ar\/sitio\/wp-json\/wp\/v2\/comments?post=805"}],"version-history":[{"count":2,"href":"https:\/\/ifd5-sgo.infd.edu.ar\/sitio\/wp-json\/wp\/v2\/pages\/805\/revisions"}],"predecessor-version":[{"id":842,"href":"https:\/\/ifd5-sgo.infd.edu.ar\/sitio\/wp-json\/wp\/v2\/pages\/805\/revisions\/842"}],"wp:attachment":[{"href":"https:\/\/ifd5-sgo.infd.edu.ar\/sitio\/wp-json\/wp\/v2\/media?parent=805"}],"curies":[{"name":"wp","href":"https:\/\/api.w.org\/{rel}","templated":true}]}}